{"id":10795,"date":"2021-03-13T20:29:33","date_gmt":"2021-03-13T19:29:33","guid":{"rendered":"https:\/\/leango.e-fektywni.org\/?page_id=10795"},"modified":"2021-11-17T11:36:59","modified_gmt":"2021-11-17T10:36:59","slug":"regulamin-uczestnictwa","status":"publish","type":"page","link":"https:\/\/leango.e-fektywni.org\/?page_id=10795","title":{"rendered":"REGULAMIN REKRUTACJI I UCZESTNICTWA W PROJEKCIE \u201eLeaNGO\u201d"},"content":{"rendered":"\n<h2 class=\"has-text-align-center wp-block-heading\"><strong>REGULAMIN REKRUTACJI I UCZESTNICTWA W PROJEKCIE \u201eLeaNGO\u201d<\/strong><\/h2>\n\n\n\n<div style=\"height:100px\" aria-hidden=\"true\" class=\"wp-block-spacer\"><\/div>\n\n\n\n<p class=\"has-text-align-center\"><strong>\u00a71<\/strong><\/p>\n\n\n\n<p><strong>Postanowienia og\u00f3lne<\/strong><\/p>\n\n\n\n<ol class=\"wp-block-list\" type=\"1\"><li>Regulamin dotyczy realizacji projektu pn. \u201eLeaNGO\u201d \u2013 szkolenia i mentoring z nowoczesnych metodyk zarz\u0105dzania (Scrum, Lean, Kanban) dla NGO, finansowanego ze \u015brodk\u00f3w Narodowego Instytutu Wolno\u015bci \u2013 Centrum Rozwoju Spo\u0142ecze\u0144stwa Obywatelskiego w ramach Programu Fundusz Inicjatyw Obywatelskich NOWEFIO na lata 2021-2030.<\/li><li>Przedmiotem regulaminu jest okre\u015blenie zakresu wsparcia oferowanego w ramach Projektu, zasad udzia\u0142u, praw i obowi\u0105zk\u00f3w Uczestnik\u00f3w Projektu oraz zobowi\u0105za\u0144 Realizatora Projektu.<\/li><\/ol>\n\n\n\n<p class=\"has-text-align-center\"><strong>\u00a72<\/strong><\/p>\n\n\n\n<p><strong>Za\u0142o\u017cenia projektu<\/strong><\/p>\n\n\n\n<ol class=\"wp-block-list\" type=\"1\"><li><strong>W ramach projektu uczestnicy b\u0119d\u0105 mogli skorzysta\u0107 z:<\/strong><\/li><li>5 szkole\u0144 online w tematyce zarz\u0105dzania organizacj\u0105;<\/li><li>2 szkole\u0144 stacjonarnych (zale\u017cne od sytuacji epidemicznej zwi\u0105zanej z COVID-19) z tematyki wybranej przez uczestnik\u00f3w w obszarze zarz\u0105dzania organizacj\u0105;<\/li><li>110h wsparcia technicznego i w procesie wdra\u017cania narz\u0119dzi i zdobytych kompetencji.<\/li><li>Udzia\u0142 w projekcie jest bezp\u0142atny. Projekt realizowany jest w okresie 01.09.2021 \u2013 30.10.2023r.<\/li><\/ol>\n\n\n\n<p class=\"has-text-align-center\"><strong>\u00a73<\/strong><\/p>\n\n\n\n<p><strong>Uczestnicy projektu<\/strong><\/p>\n\n\n\n<ol class=\"wp-block-list\" type=\"1\"><li>Projekt skierowany jest do organizacji pozarz\u0105dowych z ca\u0142ego kraju, kt\u00f3re maj\u0105 w swoim zespole:<\/li><li>co najmniej 5 os\u00f3b;<\/li><li>co najmniej 3 osoby, kt\u00f3re s\u0105 w pe\u0142ni zaanga\u017cowane zawodowo w rozw\u00f3j danej organizacji;<\/li><li>osoby z co najmniej podstawow\u0105 wiedz\u0105 z zakresu obs\u0142ugi komputera.<\/li><\/ol>\n\n\n\n<p class=\"has-text-align-center\"><strong>\u00a74<\/strong><\/p>\n\n\n\n<p><strong>Realizator projektu<\/strong><\/p>\n\n\n\n<p>Realizatorem projektu jest Fundacja e-fektywni.org. Biuro projektu: ul. Mglista 14a lok. 12, 53-020 Wroc\u0142aw.<\/p>\n\n\n\n<p class=\"has-text-align-center\"><strong>\u00a75<\/strong><\/p>\n\n\n\n<p><strong>Obowi\u0105zki Uczestnik\u00f3w Projektu<\/strong><\/p>\n\n\n\n<ol class=\"wp-block-list\" type=\"1\"><li>Uczestnicy Projektu wyra\u017caj\u0105 dobrowoln\u0105 zgod\u0119 na:<\/li><li>przetwarzanie danych osobowych na potrzeby procesu rekrutacji, monitoringu, ewaluacji oraz sprawozdawczo\u015bci;<\/li><li>udost\u0119pnienie swojego wizerunku na potrzeby promocji i upowszechniania projektu.<\/li><li>Uczestnicy projektu zobowi\u0105zuj\u0105 si\u0119 do:<\/li><li>aktywnego uczestnictwa we wszystkich dzia\u0142aniach proponowanych w projekcie (wymagane <strong>minimum 80% obecno\u015bci &#8211; dopuszcza si\u0119 usprawiedliwione nieobecno\u015bci spowodowane chorob\u0105 lub wa\u017cnymi sytuacjami losowymi);<\/strong><\/li><li>wdro\u017cenia w organizacji poznanych narz\u0119dzi zarz\u0105dzania;<\/li><li>podpisywania ka\u017cdorazowo list obecno\u015bci oraz brania udzia\u0142u w ewaluacji projektu (w tym: ankieta ewaluacyjna lub wywiad jako\u015bciowy).<\/li><\/ol>\n\n\n\n<p class=\"has-text-align-center\"><strong>\u00a76<\/strong><\/p>\n\n\n\n<p><strong>Zobowi\u0105zania Realizatora Projektu<\/strong><\/p>\n\n\n\n<p>Realizator Projektu zobowi\u0105zuje si\u0119 do:<\/p>\n\n\n\n<ol class=\"wp-block-list\" type=\"a\"><li>zorganizowania i przeprowadzenia cyklu szkole\u0144 oraz programu mentoringowego zgodnie z harmonogramem. Realizator Projektu zastrzega sobie prawo do wprowadzenia zmian w w\/w harmonogramie;<\/li><li>zapewnienia materia\u0142\u00f3w szkoleniowych;<\/li><li>zapewnienia zaplecza technicznego i kadrowego niezb\u0119dnego do realizacji Projektu.<\/li><\/ol>\n\n\n\n<p class=\"has-text-align-center\"><strong>\u00a77<\/strong><\/p>\n\n\n\n<p><strong>Zasady uczestnictwa w projekcie<\/strong><\/p>\n\n\n\n<ol class=\"wp-block-list\" type=\"1\"><li>Rekrutacja do Projektu sk\u0142ada si\u0119 z dw\u00f3ch etap\u00f3w:<\/li><li>wype\u0142nienie elektronicznego formularza zg\u0142oszeniowego. Formularz jest dost\u0119pny na stronie internetowej projektu: <a href=\"https:\/\/leango.e-fektywni.org\/\">https:\/\/leango.e-fektywni.org\/<\/a>. Termin nadsy\u0142ania zg\u0142osze\u0144 up\u0142ywa 21.11.2021r.<\/li><li>Rozmowa z Koordynatorem Projektu i ekspertami (forma zale\u017cna od sytuacji epidemicznej zwi\u0105zanej z COVID-19).<\/li><li>O zakwalifikowaniu do udzia\u0142u w projekcie decyduje \u0142\u0105czna ocena Koordynatora Projektu i ekspert\u00f3w z dw\u00f3ch etap\u00f3w rekrutacji.<\/li><li><strong>W przypadku niezrekrutowania za\u0142o\u017conej w projekcie liczby uczestnik\u00f3w przeprowadzona zostanie rekrutacja uzupe\u0142niaj\u0105ca, kt\u00f3ra b\u0119dzie przebiega\u0142a do momentu zrekrutowania pe\u0142nej grupy.<\/strong><\/li><li><strong>Udzia\u0142 w rekrutacji i przes\u0142anie formularza zg\u0142oszeniowego oznacza, \u017ce Uczestnik zapozna\u0142 si\u0119 z niniejszym Regulaminem, akceptuje jego zapisy i zobowi\u0105zuje si\u0119 do ich przestrzegania.<\/strong><\/li><\/ol>\n\n\n\n<p class=\"has-text-align-center\"><strong>\u00a78<\/strong><\/p>\n\n\n\n<p><strong>Uwagi ko\u0144cowe<\/strong><\/p>\n\n\n\n<ol class=\"wp-block-list\" type=\"1\"><li>Realizator zastrzega sobie prawdo do dyskwalifikacji Uczestnika z udzia\u0142u w Projekcie w przypadku naruszenia przez niego niniejszego Regulaminu.<\/li><li>Nadz\u00f3r nad realizacj\u0105 postanowie\u0144 niniejszego Regulaminu sprawuje Koordynator Projektu i do niego nale\u017cy sk\u0142ada\u0107 ewentualne uwagi i wnioski.<\/li><li>W uzasadnionych przypadkach Realizator zastrzega prawo do zmiany niniejszego Regulaminu.<\/li><\/ol>\n","protected":false},"excerpt":{"rendered":"<p>REGULAMIN REKRUTACJI I UCZESTNICTWA W PROJEKCIE \u201eLeaNGO\u201d \u00a71 Postanowienia og\u00f3lne Regulamin dotyczy realizacji projektu pn&#8230;.<\/p>\n","protected":false},"author":1,"featured_media":0,"parent":0,"menu_order":0,"comment_status":"closed","ping_status":"closed","template":"","meta":{"_exactmetrics_skip_tracking":false,"_exactmetrics_sitenote_active":false,"_exactmetrics_sitenote_note":"","_exactmetrics_sitenote_category":0,"footnotes":""},"class_list":["post-10795","page","type-page","status-publish"],"yoast_head":"<!-- This site is optimized with the Yoast SEO plugin v26.6 - https:\/\/yoast.com\/wordpress\/plugins\/seo\/ -->\n<title>REGULAMIN REKRUTACJI I UCZESTNICTWA W PROJEKCIE \u201eLeaNGO\u201d - efektywne NGO \u2013 leaNGO<\/title>\n<meta name=\"robots\" content=\"index, follow, max-snippet:-1, max-image-preview:large, max-video-preview:-1\" \/>\n<link rel=\"canonical\" href=\"https:\/\/leango.e-fektywni.org\/?page_id=10795\" \/>\n<meta property=\"og:locale\" content=\"pl_PL\" \/>\n<meta property=\"og:type\" content=\"article\" \/>\n<meta property=\"og:title\" content=\"REGULAMIN REKRUTACJI I UCZESTNICTWA W PROJEKCIE \u201eLeaNGO\u201d - efektywne NGO \u2013 leaNGO\" \/>\n<meta property=\"og:description\" content=\"REGULAMIN REKRUTACJI I UCZESTNICTWA W PROJEKCIE \u201eLeaNGO\u201d \u00a71 Postanowienia og\u00f3lne Regulamin dotyczy realizacji projektu pn....\" \/>\n<meta property=\"og:url\" content=\"https:\/\/leango.e-fektywni.org\/?page_id=10795\" \/>\n<meta property=\"og:site_name\" content=\"efektywne NGO \u2013 leaNGO\" \/>\n<meta property=\"article:modified_time\" content=\"2021-11-17T10:36:59+00:00\" \/>\n<meta name=\"twitter:card\" content=\"summary_large_image\" \/>\n<meta name=\"twitter:label1\" content=\"Szacowany czas czytania\" \/>\n\t<meta name=\"twitter:data1\" content=\"3 minuty\" \/>\n<script type=\"application\/ld+json\" class=\"yoast-schema-graph\">{\"@context\":\"https:\/\/schema.org\",\"@graph\":[{\"@type\":\"WebPage\",\"@id\":\"https:\/\/leango.e-fektywni.org\/?page_id=10795\",\"url\":\"https:\/\/leango.e-fektywni.org\/?page_id=10795\",\"name\":\"REGULAMIN REKRUTACJI I UCZESTNICTWA W PROJEKCIE \u201eLeaNGO\u201d - efektywne NGO \u2013 leaNGO\",\"isPartOf\":{\"@id\":\"https:\/\/leango.e-fektywni.org\/#website\"},\"datePublished\":\"2021-03-13T19:29:33+00:00\",\"dateModified\":\"2021-11-17T10:36:59+00:00\",\"breadcrumb\":{\"@id\":\"https:\/\/leango.e-fektywni.org\/?page_id=10795#breadcrumb\"},\"inLanguage\":\"pl-PL\",\"potentialAction\":[{\"@type\":\"ReadAction\",\"target\":[\"https:\/\/leango.e-fektywni.org\/?page_id=10795\"]}]},{\"@type\":\"BreadcrumbList\",\"@id\":\"https:\/\/leango.e-fektywni.org\/?page_id=10795#breadcrumb\",\"itemListElement\":[{\"@type\":\"ListItem\",\"position\":1,\"name\":\"Strona g\u0142\u00f3wna\",\"item\":\"https:\/\/leango.e-fektywni.org\/\"},{\"@type\":\"ListItem\",\"position\":2,\"name\":\"REGULAMIN REKRUTACJI I UCZESTNICTWA W PROJEKCIE \u201eLeaNGO\u201d\"}]},{\"@type\":\"WebSite\",\"@id\":\"https:\/\/leango.e-fektywni.org\/#website\",\"url\":\"https:\/\/leango.e-fektywni.org\/\",\"name\":\"efektywne NGO \u2013 leaNGO\",\"description\":\"\",\"potentialAction\":[{\"@type\":\"SearchAction\",\"target\":{\"@type\":\"EntryPoint\",\"urlTemplate\":\"https:\/\/leango.e-fektywni.org\/?s={search_term_string}\"},\"query-input\":{\"@type\":\"PropertyValueSpecification\",\"valueRequired\":true,\"valueName\":\"search_term_string\"}}],\"inLanguage\":\"pl-PL\"}]}<\/script>\n<!-- \/ Yoast SEO plugin. -->","yoast_head_json":{"title":"REGULAMIN REKRUTACJI I UCZESTNICTWA W PROJEKCIE \u201eLeaNGO\u201d - efektywne NGO \u2013 leaNGO","robots":{"index":"index","follow":"follow","max-snippet":"max-snippet:-1","max-image-preview":"max-image-preview:large","max-video-preview":"max-video-preview:-1"},"canonical":"https:\/\/leango.e-fektywni.org\/?page_id=10795","og_locale":"pl_PL","og_type":"article","og_title":"REGULAMIN REKRUTACJI I UCZESTNICTWA W PROJEKCIE \u201eLeaNGO\u201d - efektywne NGO \u2013 leaNGO","og_description":"REGULAMIN REKRUTACJI I UCZESTNICTWA W PROJEKCIE \u201eLeaNGO\u201d \u00a71 Postanowienia og\u00f3lne Regulamin dotyczy realizacji projektu pn....","og_url":"https:\/\/leango.e-fektywni.org\/?page_id=10795","og_site_name":"efektywne NGO \u2013 leaNGO","article_modified_time":"2021-11-17T10:36:59+00:00","twitter_card":"summary_large_image","twitter_misc":{"Szacowany czas czytania":"3 minuty"},"schema":{"@context":"https:\/\/schema.org","@graph":[{"@type":"WebPage","@id":"https:\/\/leango.e-fektywni.org\/?page_id=10795","url":"https:\/\/leango.e-fektywni.org\/?page_id=10795","name":"REGULAMIN REKRUTACJI I UCZESTNICTWA W PROJEKCIE \u201eLeaNGO\u201d - efektywne NGO \u2013 leaNGO","isPartOf":{"@id":"https:\/\/leango.e-fektywni.org\/#website"},"datePublished":"2021-03-13T19:29:33+00:00","dateModified":"2021-11-17T10:36:59+00:00","breadcrumb":{"@id":"https:\/\/leango.e-fektywni.org\/?page_id=10795#breadcrumb"},"inLanguage":"pl-PL","potentialAction":[{"@type":"ReadAction","target":["https:\/\/leango.e-fektywni.org\/?page_id=10795"]}]},{"@type":"BreadcrumbList","@id":"https:\/\/leango.e-fektywni.org\/?page_id=10795#breadcrumb","itemListElement":[{"@type":"ListItem","position":1,"name":"Strona g\u0142\u00f3wna","item":"https:\/\/leango.e-fektywni.org\/"},{"@type":"ListItem","position":2,"name":"REGULAMIN REKRUTACJI I UCZESTNICTWA W PROJEKCIE \u201eLeaNGO\u201d"}]},{"@type":"WebSite","@id":"https:\/\/leango.e-fektywni.org\/#website","url":"https:\/\/leango.e-fektywni.org\/","name":"efektywne NGO \u2013 leaNGO","description":"","potentialAction":[{"@type":"SearchAction","target":{"@type":"EntryPoint","urlTemplate":"https:\/\/leango.e-fektywni.org\/?s={search_term_string}"},"query-input":{"@type":"PropertyValueSpecification","valueRequired":true,"valueName":"search_term_string"}}],"inLanguage":"pl-PL"}]}},"_links":{"self":[{"href":"https:\/\/leango.e-fektywni.org\/index.php?rest_route=\/wp\/v2\/pages\/10795","targetHints":{"allow":["GET"]}}],"collection":[{"href":"https:\/\/leango.e-fektywni.org\/index.php?rest_route=\/wp\/v2\/pages"}],"about":[{"href":"https:\/\/leango.e-fektywni.org\/index.php?rest_route=\/wp\/v2\/types\/page"}],"author":[{"embeddable":true,"href":"https:\/\/leango.e-fektywni.org\/index.php?rest_route=\/wp\/v2\/users\/1"}],"replies":[{"embeddable":true,"href":"https:\/\/leango.e-fektywni.org\/index.php?rest_route=%2Fwp%2Fv2%2Fcomments&post=10795"}],"version-history":[{"count":10,"href":"https:\/\/leango.e-fektywni.org\/index.php?rest_route=\/wp\/v2\/pages\/10795\/revisions"}],"predecessor-version":[{"id":11176,"href":"https:\/\/leango.e-fektywni.org\/index.php?rest_route=\/wp\/v2\/pages\/10795\/revisions\/11176"}],"wp:attachment":[{"href":"https:\/\/leango.e-fektywni.org\/index.php?rest_route=%2Fwp%2Fv2%2Fmedia&parent=10795"}],"curies":[{"name":"wp","href":"https:\/\/api.w.org\/{rel}","templated":true}]}}